{"id":12,"date":"2023-11-08T16:35:11","date_gmt":"2023-11-08T16:35:11","guid":{"rendered":"https:\/\/acollimentmenorca.es\/?page_id=12"},"modified":"2023-12-28T20:13:27","modified_gmt":"2023-12-28T20:13:27","slug":"politica-de-privacidad","status":"publish","type":"page","link":"https:\/\/acollimentmenorca.es\/es\/politica-de-privacidad\/","title":{"rendered":"Pol\u00edtica de privacidad"},"content":{"rendered":"<p>[et_pb_section fb_built=\u00bb1&#8243; _builder_version=\u00bb4.16&#8243; global_colors_info=\u00bb{}\u00bb theme_builder_area=\u00bbpost_content\u00bb][et_pb_row _builder_version=\u00bb4.23.1&#8243; hover_enabled=\u00bb0&#8243; global_colors_info=\u00bb{}\u00bb theme_builder_area=\u00bbpost_content\u00bb sticky_enabled=\u00bb0&#8243;][et_pb_column type=\u00bb4_4&#8243; _builder_version=\u00bb4.16&#8243; global_colors_info=\u00bb{}\u00bb theme_builder_area=\u00bbpost_content\u00bb][et_pb_post_title meta=\u00bboff\u00bb featured_image=\u00bboff\u00bb _builder_version=\u00bb4.16&#8243; global_colors_info=\u00bb{}\u00bb theme_builder_area=\u00bbpost_content\u00bb][\/et_pb_post_title][et_pb_text _builder_version=\u00bb4.23.1&#8243; hover_enabled=\u00bb0&#8243; global_colors_info=\u00bb{}\u00bb theme_builder_area=\u00bbpost_content\u00bb sticky_enabled=\u00bb0&#8243;]<\/p>\n<p><span><strong><span>MARCO LEGISLATIVO<\/span><\/strong><\/span><\/p>\n<p><span>El modelo de gesti\u00f3n de la privacidad y la protecci\u00f3n de datos del Consell Insular de Menorca se fundamenta en el siguiente marco jur\u00eddico:<\/span><\/p>\n<p><a class=\"PLA_linkWEB\" href=\"https:\/\/www.boe.es\/doue\/2016\/119\/L00001-00088.pdf\" target=\"_blank\" rel=\"noopener\"><span>Reglamento 2016\/679 del Parlamento Europeo y del Consejo de 27 de abril de 2016 (\u00abRGPD\u00bb), relativo a la protecci\u00f3n de las personas f\u00edsicas en lo que se refiere al tratamiento de datos personales ya la libre circulaci\u00f3n de estos datos, y por el que se deroga la Directiva.<\/span><\/a><a class=\"PLA_linkWEB\" href=\"https:\/\/www.boe.es\/buscar\/pdf\/2018\/BOE-A-2018-16673-consolidado.pdf\" target=\"_blank\" rel=\"noopener\"><span>Ley Org\u00e1nica 3\/2018, de 5 de diciembre, de protecci\u00f3n de datos y garant\u00eda de derechos digitales.<\/span><\/a><\/p>\n<p><span><strong><span>\u00bfQUI\u00c9N ES EL RESPONSABLE DEL TRATAMIENTO DE SUS DATOS PERSONALES?<\/span><\/strong><\/span><\/p>\n<p><strong><span>Responsable<\/span><\/strong><span>: Consell Insular de Menorca<\/span><br \/><strong><span>NIF<\/span><\/strong><span><span>\u00a0<\/span>: S0733002J<\/span><br \/><strong><span>Direcci\u00f3n postal<\/span><\/strong><span><span>\u00a0<\/span>: Pl.<span>\u00a0<\/span>Biosfera, 5<\/span><br \/><strong><span>C\u00f3digo postal<\/span><\/strong><span><span>\u00a0<\/span>: 07703 MA\u00d3, Illes Balears<\/span><br \/><strong><span>P\u00e1gina web<\/span><\/strong><span><span>\u00a0<\/span>:\u00a0<a href=\"https:\/\/acollimentmenorca.es\/\">https:\/\/acollimentmenorca.es\/<\/a><\/span><\/p>\n<p><span><strong><span>EJERCICIO DE LOS DERECHOS EN MATERIA DE PROTECCI\u00d3N DE DATOS PERSONALES<\/span><\/strong><\/span><\/p>\n<p><span>La normativa reconoce unos derechos que permiten a las personas ejercer un control efectivo sobre sus datos.<span>\u00a0<\/span>Estos derechos s\u00f3lo pueden ser ejercidos por la persona interesada o por la persona representante debidamente acreditada (en el caso de menores de 14 a\u00f1os, personas con discapacidad, personas mayores de 14 a\u00f1os si la ley lo exige, o cuando la persona afectada designe voluntariamente alguien que la represente).<span>\u00a0<\/span>En el caso de una persona difunta, el derecho de supresi\u00f3n puede ser ejercido por los familiares ante los \u00f3rganos responsables de los ficheros que contengan datos de esa persona.<\/span><\/p>\n<p><strong><span>\u00bfCu\u00e1les son mis derechos?<\/span><\/strong><\/p>\n<table border=\"0\" cellpadding=\"0\" cellspacing=\"0\" class=\"PLA_tabla\">\n<thead>\n<tr>\n<th scope=\"col\"><span>DERECHO<\/span><\/th>\n<th scope=\"col\"><span>DESCRIPCI\u00d3N<\/span><\/th>\n<th scope=\"col\"><span>OBSERVACIONES<\/span><\/th>\n<\/tr>\n<\/thead>\n<tbody>\n<tr>\n<td><strong><span>Acceso<\/span><\/strong><span><span>\u00a0<\/span>(art\u00edculo 15 del RGPD)<\/span><\/td>\n<td><span>Permite obtener la confirmaci\u00f3n de si existe o no un tratamiento de datos.<span>\u00a0<\/span>En caso afirmativo, la persona interesada tiene derecho a acceder a la relaci\u00f3n de datos que se traten, su tipolog\u00eda, finalidad, procedencia, cesiones realizadas y previstas (en su caso) y caducidad.<\/span><\/td>\n<td><span>En caso de solicitar acceso a im\u00e1genes de videoc\u00e1maras, adjuntar una fotograf\u00eda o imagen de la persona afectada y especificar lo siguiente: direcci\u00f3n de las videoc\u00e1maras, fecha y franja horaria (fracci\u00f3n de media hora).<\/span><\/td>\n<\/tr>\n<tr>\n<td><strong><span>Rectificaci\u00f3n<\/span><\/strong><span><span>\u00a0<\/span>(art\u00edculo 16 del RGPD)<\/span><\/td>\n<td><span>Permite la correcci\u00f3n de datos inexactos o completar los datos incompletos.<\/span><\/td>\n<td><span>Habr\u00e1 que aportar la documentaci\u00f3n que justifique la rectificaci\u00f3n de datos solicitada.<\/span><\/td>\n<\/tr>\n<tr>\n<td><strong><span>Cancelaci\u00f3n\/supresi\u00f3n<\/span><\/strong><span><span>\u00a0<\/span>(derecho al olvido) (art\u00edculo 17 del RGPD)<\/span><\/td>\n<td><span>Permite obtener la supresi\u00f3n de los datos que afectan a la persona interesada.<\/span><\/td>\n<td><span>En caso de estimaci\u00f3n, el dato quedar\u00eda bloqueado (solo a disposici\u00f3n de posibles reclamaciones) y se borrar\u00eda cuando se cumplieran los plazos legales de prescripci\u00f3n.<\/span><\/td>\n<\/tr>\n<tr>\n<td><strong><span>Limitaci\u00f3n<\/span><\/strong><span><span>\u00a0<\/span>(art\u00edculo 18 del RGPD)<\/span><\/td>\n<td><span>Permite utilizar los datos s\u00f3lo para reclamaciones o protecci\u00f3n de derechos ajenos, mientras se verifica la exactitud de los datos o la licitud de su uso.<\/span><\/td>\n<td><span>Habr\u00e1 que acreditar los motivos de acuerdo con lo que establece el RGPD.<\/span><\/td>\n<\/tr>\n<tr>\n<td><strong><span>Portabilidad<\/span><\/strong><span><span>\u00a0<\/span>(art\u00edculo 20 del RGPD)<\/span><\/td>\n<td><span>Permite recibir los datos personales que ha facilitado a un responsable del tratamiento en un formato estructurado, de uso com\u00fan y de lectura mec\u00e1nica, y transmitirlos a otro responsable<\/span><\/td>\n<td><span>Deber\u00e1n cumplirse los siguientes requisitos:<\/span><br \/><span>&#8211; El tratamiento se basa en el consentimiento o en un contrato.<\/span><br \/><span>&#8211; El tratamiento se realiza por medios automatizados.<\/span><br \/><span>Incluye el derecho a que los datos se transmitan directamente de responsable a responsable, si es t\u00e9cnicamente posible.<\/span><br \/><span>No puede ejercerse este derecho, cuando el tratamiento se fundamenta en el cumplimiento de una misi\u00f3n de inter\u00e9s p\u00fablico o inherente al ejercicio del poder p\u00fablico.<\/span><\/td>\n<\/tr>\n<tr>\n<td><strong><span>Oposici\u00f3n<\/span><\/strong><span><span>\u00a0<\/span>(art\u00edculo 21 del RGPD)<\/span><\/td>\n<td><span>Permite pedir a la Administraci\u00f3n que se deje de utilizar un dato determinado para un tratamiento concreto.<\/span><\/td>\n<td><span>Este ejercicio de derecho debe estar motivado de forma adecuada, salvo que la habilitaci\u00f3n legal del tratamiento sea exclusivamente el consentimiento de la ciudadan\u00eda.<\/span><\/td>\n<\/tr>\n<\/tbody>\n<\/table>\n<p><strong><span>Procedimiento<\/span><\/strong><\/p>\n<p><span>Puede ejercer sus derechos de forma gratuita adjuntando el<span>\u00a0<\/span><\/span><a href=\"https:\/\/www.cime.es\/GesServeis\/Gestion.aspx?IDGESTION=990100891\" target=\"_blank\" rel=\"noopener\"><span>modelo espec\u00edfico de solicitud<\/span><\/a><span><span>\u00a0<\/span>debidamente cumplimentado y de la siguiente forma:<\/span><\/p>\n<ul>\n<li><strong><span>Telem\u00e1ticamente<\/span><\/strong><span><span>\u00a0<\/span>mediante Registro de entrada a trav\u00e9s de la Carpeta ciudadana del Consell Insular de Menorca (<span>\u00a0<\/span><\/span><a href=\"https:\/\/www.cime.es\/GesServeis\/Gestion.aspx?IDGESTION=990100891\" target=\"_blank\" rel=\"noopener\"><span>https:\/\/www.cime.es\/GesServeis\/Gestion.aspx?IDGESTION=990100891<\/span><\/a><span><span>\u00a0<\/span>)<\/span><\/li>\n<li><strong><span>Presencialmente<\/span><\/strong><span><span>\u00a0<\/span>mediante Registro de entrada en el Servicio de Atenci\u00f3n Ciudadana y Calidad del Consell Insular de Menorca o bien por los medios que establece el art\u00edculo 16 de la Ley 39\/2015, de 1 de octubre, del Procedimiento Administrativo Com\u00fan de las Administraciones P\u00fablicas (\u00abLPACAP\u00bb) y deber\u00e1 acreditarse su identidad de la persona interesada.<\/span><\/li>\n<\/ul>\n<p><span>De acuerdo con el art\u00edculo 14 de la LPACAP relativo a los sujetos obligados a relacionarse electr\u00f3nicamente con la Administraci\u00f3n P\u00fablica, ser\u00e1 necesario que presenten su solicitud mediante Registro de entrada a trav\u00e9s de la Carpeta ciudadana del Consell Insular de Menorca adjuntando el modelo espec\u00edfico de instancia que corresponda.<\/span><\/p>\n<p><span>Para la resoluci\u00f3n de estos derechos, le informamos que, en cumplimiento del art\u00edculo 28.2 de la LPACAP, esta Administraci\u00f3n deber\u00e1 verificar los datos solicitados y que obran en poder de otras Administraciones P\u00fablicas u otros \u00f3rganos gestores de esta Administraci\u00f3n, salvo que manifieste su oposici\u00f3n expresa.<\/span><\/p>\n<p><strong><span>Plazo<\/span><\/strong><\/p>\n<p><span>El Consell Insular de Menorca le informar\u00e1 sobre las actuaciones derivadas de su petici\u00f3n en el plazo de<span>\u00a0<\/span><\/span><strong><span>UN (1) mes<\/span><\/strong><span><span>\u00a0<\/span>.<span>\u00a0<\/span>En caso de<span>\u00a0<\/span><\/span><strong><span>peticiones especialmente complejas<\/span><\/strong><span><span>\u00a0<\/span>, el plazo puede ampliarse<span>\u00a0<\/span><\/span><strong><span>DOS (2) meses m\u00e1s<\/span><\/strong><span><span>\u00a0<\/span>y hasta un m\u00e1ximo de TRES (3) meses.<span>\u00a0<\/span>En este caso, la persona interesada recibir\u00e1 una notificaci\u00f3n previa con las causas que justifiquen el alargamiento del plazo.<\/span><\/p>\n<p><span>Una vez transcurrido este plazo sin que de forma expresa se responda a su petici\u00f3n o, no haya obtenido una respuesta adecuada o conforme a lo que la legislaci\u00f3n vigente reconoce, tiene la posibilidad de presentar una reclamaci\u00f3n ante la Agencia Espa\u00f1ola de Protecci\u00f3n de<span>\u00a0<\/span><\/span><strong><span>Datos<\/span><\/strong><span><span>\u00a0<\/span>como a autoridad de control nacional.<\/span><\/p>\n<p><span><strong><span>CONTACTO CON EL DELEGADO DE PROTECCI\u00d3N DE DATOS<\/span><\/strong><\/span><\/p>\n<p><span>El Delegado de protecci\u00f3n de datos es la persona encargada de velar por que el Consell Insular de Menorca cumpla correctamente la normativa en materia de protecci\u00f3n de datos.<\/span><\/p>\n<p><span>Esta figura se encuentra regulada en el Reglamento (UE) 2016\/679 del Parlamento Europeo y del Consejo (\u00abRGPD\u00bb), de 27 de abril de 2016 y en la Ley Org\u00e1nica 3\/2018, de 5 de diciembre, de Protecci\u00f3n de Datos y Garant\u00eda de Derechos Digitales.<\/span><\/p>\n<p><span>El Consell Insular de Menorca ha designado un Delegado de protecci\u00f3n de datos de acuerdo con lo que establecen los art\u00edculos 37, 38 y 39 del RGPD.<\/span><\/p>\n<p><span>Si tiene dudas sobre c\u00f3mo se aplica la normativa de protecci\u00f3n de datos en el Consell Insular de Menorca, puede contactar con el Delegado de Protecci\u00f3n de Datos, que le responder\u00e1 lo antes posible.<\/span><\/p>\n<p><strong><span>Datos de contacto del Delegado de protecci\u00f3n de datos<\/span><\/strong><\/p>\n<p><strong><span>Direcci\u00f3n postal<\/span><\/strong><span><span>\u00a0<\/span>: Pl.<span>\u00a0<\/span>Biosfera, 5<\/span><br \/><strong><span>C\u00f3digo postal<\/span><\/strong><span><span>\u00a0<\/span>: 07703 Ma\u00f3, Illes Balears<\/span><br \/><strong><span>Correo electr\u00f3nico<\/span><\/strong><span><span>\u00a0<\/span>:\u00a0<span>\u00a0<\/span><\/span><a href=\"mailto:protecciodades@cime.es\"><span>protecciodades@cime.es<\/span><\/a><\/p>\n<p><span>Recuerde, sin embargo, que el ejercicio de derechos de protecci\u00f3n de datos debe hacerlo conforme el apartado de \u00abEjercicio de derechos en materia de protecci\u00f3n de datos\u00bb de esta misma pol\u00edtica de privacidad.\u00a0<\/span><\/p>\n<p><span>Este canal s\u00f3lo est\u00e1 habilitado para cuestiones vinculadas a la protecci\u00f3n de datos personales y no a otras consultas sobre procedimientos y obligaciones de car\u00e1cter administrativo.<\/span><\/p>\n<p>[\/et_pb_text][\/et_pb_column][\/et_pb_row][\/et_pb_section][et_pb_section fb_built=\u00bb1&#8243; _builder_version=\u00bb4.23.1&#8243; _module_preset=\u00bbdefault\u00bb background_color=\u00bb#000000&#8243; custom_padding=\u00bb0px||0px|||\u00bb global_colors_info=\u00bb{}\u00bb theme_builder_area=\u00bbpost_content\u00bb][et_pb_row column_structure=\u00bb1_4,1_4,1_4,1_4&#8243; _builder_version=\u00bb4.23.1&#8243; _module_preset=\u00bbdefault\u00bb width=\u00bb90%\u00bb max_width=\u00bb90%\u00bb global_colors_info=\u00bb{}\u00bb theme_builder_area=\u00bbpost_content\u00bb][et_pb_column type=\u00bb1_4&#8243; _builder_version=\u00bb4.23.1&#8243; _module_preset=\u00bbdefault\u00bb global_colors_info=\u00bb{}\u00bb theme_builder_area=\u00bbpost_content\u00bb][et_pb_text _builder_version=\u00bb4.23.1&#8243; _module_preset=\u00bbdefault\u00bb text_text_color=\u00bb#FFFFFF\u00bb link_text_color=\u00bb#FFFFFF\u00bb global_colors_info=\u00bb{}\u00bb link_text_color__hover_enabled=\u00bbon|hover\u00bb link_text_color__hover=\u00bb#FFFFFF\u00bb theme_builder_area=\u00bbpost_content\u00bb]<\/p>\n<p style=\"text-align: center;\"><a href=\"https:\/\/acollimentmenorca.es\/politica-de-cookies\/\">Pol\u00edtica de cookies<\/a><\/p>\n<p>[\/et_pb_text][\/et_pb_column][et_pb_column type=\u00bb1_4&#8243; _builder_version=\u00bb4.23.1&#8243; _module_preset=\u00bbdefault\u00bb global_colors_info=\u00bb{}\u00bb theme_builder_area=\u00bbpost_content\u00bb][et_pb_text _builder_version=\u00bb4.23.1&#8243; _module_preset=\u00bbdefault\u00bb text_text_color=\u00bb#FFFFFF\u00bb link_text_color=\u00bb#FFFFFF\u00bb global_colors_info=\u00bb{}\u00bb link_text_color__hover_enabled=\u00bbon|hover\u00bb link_text_color__hover=\u00bb#FFFFFF\u00bb theme_builder_area=\u00bbpost_content\u00bb]<\/p>\n<p style=\"text-align: center;\"><a href=\"https:\/\/acollimentmenorca.es\/politica-de-privacidad\/\">Pol\u00edtica de privacidad<\/a><\/p>\n<p>[\/et_pb_text][\/et_pb_column][et_pb_column type=\u00bb1_4&#8243; _builder_version=\u00bb4.23.1&#8243; _module_preset=\u00bbdefault\u00bb global_colors_info=\u00bb{}\u00bb theme_builder_area=\u00bbpost_content\u00bb][et_pb_text _builder_version=\u00bb4.23.1&#8243; _module_preset=\u00bbdefault\u00bb text_text_color=\u00bb#FFFFFF\u00bb link_text_color=\u00bb#FFFFFF\u00bb global_colors_info=\u00bb{}\u00bb link_text_color__hover_enabled=\u00bbon|hover\u00bb link_text_color__hover=\u00bb#FFFFFF\u00bb theme_builder_area=\u00bbpost_content\u00bb]<\/p>\n<p style=\"text-align: center;\"><a href=\"https:\/\/acollimentmenorca.es\/aviso-legal\/\">Aviso legal<\/a><\/p>\n<p>[\/et_pb_text][\/et_pb_column][et_pb_column type=\u00bb1_4&#8243; _builder_version=\u00bb4.23.1&#8243; _module_preset=\u00bbdefault\u00bb global_colors_info=\u00bb{}\u00bb theme_builder_area=\u00bbpost_content\u00bb][et_pb_social_media_follow _builder_version=\u00bb4.23.1&#8243; _module_preset=\u00bbdefault\u00bb text_orientation=\u00bbcenter\u00bb global_colors_info=\u00bb{}\u00bb theme_builder_area=\u00bbpost_content\u00bb][et_pb_social_media_follow_network social_network=\u00bbinstagram\u00bb url=\u00bbhttps:\/\/www.instagram.com\/consellinsularmenorca\/\u00bb use_icon_font_size=\u00bbon\u00bb icon_font_size=\u00bb18px\u00bb _builder_version=\u00bb4.23.1&#8243; _module_preset=\u00bbdefault\u00bb background_color=\u00bb#F15BB5&#8243; background_enable_color=\u00bbon\u00bb use_background_color_gradient=\u00bbon\u00bb background_color_gradient_direction=\u00bb45deg\u00bb background_color_gradient_stops=\u00bb#ffd301 0%|#ff2401 32%|#ce3493 66%|#8d35b0 100%\u00bb global_colors_info=\u00bb{}\u00bb theme_builder_area=\u00bbpost_content\u00bb follow_button=\u00bboff\u00bb url_new_window=\u00bbon\u00bb]instagram[\/et_pb_social_media_follow_network][et_pb_social_media_follow_network social_network=\u00bbfacebook\u00bb url=\u00bbhttps:\/\/www.facebook.com\/ConselldeMenorca\u00bb use_icon_font_size=\u00bbon\u00bb icon_font_size=\u00bb18px\u00bb _builder_version=\u00bb4.23.1&#8243; _module_preset=\u00bbdefault\u00bb background_color=\u00bb#006cf9&#8243; background_enable_color=\u00bbon\u00bb global_colors_info=\u00bb{}\u00bb theme_builder_area=\u00bbpost_content\u00bb follow_button=\u00bboff\u00bb url_new_window=\u00bbon\u00bb]facebook[\/et_pb_social_media_follow_network][et_pb_social_media_follow_network social_network=\u00bbtwitter\u00bb url=\u00bbhttps:\/\/twitter.com\/i\/flow\/login?redirect_after_login=%2FConsellMenorca\u00bb use_icon_font_size=\u00bbon\u00bb icon_font_size=\u00bb18px\u00bb _builder_version=\u00bb4.23.1&#8243; _module_preset=\u00bbdefault\u00bb background_color=\u00bb#00BBF9&#8243; background_enable_color=\u00bbon\u00bb global_colors_info=\u00bb{}\u00bb theme_builder_area=\u00bbpost_content\u00bb follow_button=\u00bboff\u00bb url_new_window=\u00bbon\u00bb]twitter[\/et_pb_social_media_follow_network][et_pb_social_media_follow_network social_network=\u00bbyoutube\u00bb url=\u00bbhttps:\/\/www.youtube.com\/channel\/UCmTmphtjBS1u4Hy9LmpzeQg\u00bb use_icon_font_size=\u00bbon\u00bb icon_font_size=\u00bb18px\u00bb _builder_version=\u00bb4.23.1&#8243; _module_preset=\u00bbdefault\u00bb background_color=\u00bb#ff3838&#8243; background_enable_color=\u00bbon\u00bb global_colors_info=\u00bb{}\u00bb theme_builder_area=\u00bbpost_content\u00bb follow_button=\u00bboff\u00bb url_new_window=\u00bbon\u00bb]youtube[\/et_pb_social_media_follow_network][et_pb_social_media_follow_network social_network=\u00bbwhatsapp\u00bb url=\u00bbhttps:\/\/api.whatsapp.com\/send\/?phone=679722689&#038;text&#038;type=phone_number&#038;app_absent=0&#8243; use_icon_font_size=\u00bbon\u00bb icon_font_size=\u00bb18px\u00bb _builder_version=\u00bb4.23.1&#8243; _module_preset=\u00bbdefault\u00bb background_color=\u00bb#25D366&#8243; background_enable_color=\u00bbon\u00bb global_colors_info=\u00bb{}\u00bb theme_builder_area=\u00bbpost_content\u00bb follow_button=\u00bboff\u00bb url_new_window=\u00bbon\u00bb]whatsapp[\/et_pb_social_media_follow_network][\/et_pb_social_media_follow][\/et_pb_column][\/et_pb_row][\/et_pb_section]<\/p>\n","protected":false},"excerpt":{"rendered":"<p>MARCO LEGISLATIVO El modelo de gesti\u00f3n de la privacidad y la protecci\u00f3n de datos del Consell Insular de Menorca se fundamenta en el siguiente marco jur\u00eddico: Reglamento 2016\/679 del Parlamento Europeo y del Consejo de 27 de abril de 2016 (\u00abRGPD\u00bb), relativo a la protecci\u00f3n de las personas f\u00edsicas en lo que se refiere al [&hellip;]<\/p>\n","protected":false},"author":1,"featured_media":0,"parent":0,"menu_order":0,"comment_status":"closed","ping_status":"closed","template":"page-template-blank.php","meta":{"_et_pb_use_builder":"on","_et_pb_old_content":"","_et_gb_content_width":"","footnotes":""},"_links":{"self":[{"href":"https:\/\/acollimentmenorca.es\/es\/wp-json\/wp\/v2\/pages\/12"}],"collection":[{"href":"https:\/\/acollimentmenorca.es\/es\/wp-json\/wp\/v2\/pages"}],"about":[{"href":"https:\/\/acollimentmenorca.es\/es\/wp-json\/wp\/v2\/types\/page"}],"author":[{"embeddable":true,"href":"https:\/\/acollimentmenorca.es\/es\/wp-json\/wp\/v2\/users\/1"}],"replies":[{"embeddable":true,"href":"https:\/\/acollimentmenorca.es\/es\/wp-json\/wp\/v2\/comments?post=12"}],"version-history":[{"count":5,"href":"https:\/\/acollimentmenorca.es\/es\/wp-json\/wp\/v2\/pages\/12\/revisions"}],"predecessor-version":[{"id":1282,"href":"https:\/\/acollimentmenorca.es\/es\/wp-json\/wp\/v2\/pages\/12\/revisions\/1282"}],"wp:attachment":[{"href":"https:\/\/acollimentmenorca.es\/es\/wp-json\/wp\/v2\/media?parent=12"}],"curies":[{"name":"wp","href":"https:\/\/api.w.org\/{rel}","templated":true}]}}