{"id":18,"date":"2023-11-08T16:40:44","date_gmt":"2023-11-08T16:40:44","guid":{"rendered":"https:\/\/acollimentmenorca.es\/?page_id=18"},"modified":"2023-11-25T22:01:08","modified_gmt":"2023-11-25T22:01:08","slug":"politica-de-cookies","status":"publish","type":"page","link":"https:\/\/acollimentmenorca.es\/es\/politica-de-cookies\/","title":{"rendered":"Pol\u00edtica de cookies"},"content":{"rendered":"<p>[et_pb_section fb_built=\u00bb1&#8243; _builder_version=\u00bb4.16&#8243; global_colors_info=\u00bb{}\u00bb theme_builder_area=\u00bbpost_content\u00bb][et_pb_row _builder_version=\u00bb4.16&#8243; global_colors_info=\u00bb{}\u00bb theme_builder_area=\u00bbpost_content\u00bb][et_pb_column type=\u00bb4_4&#8243; _builder_version=\u00bb4.16&#8243; global_colors_info=\u00bb{}\u00bb theme_builder_area=\u00bbpost_content\u00bb][et_pb_post_title meta=\u00bboff\u00bb featured_image=\u00bboff\u00bb _builder_version=\u00bb4.16&#8243; global_colors_info=\u00bb{}\u00bb theme_builder_area=\u00bbpost_content\u00bb][\/et_pb_post_title][\/et_pb_column][\/et_pb_row][et_pb_row _builder_version=\u00bb4.16&#8243; global_colors_info=\u00bb{}\u00bb theme_builder_area=\u00bbpost_content\u00bb][et_pb_column type=\u00bb4_4&#8243; _builder_version=\u00bb4.16&#8243; global_colors_info=\u00bb{}\u00bb theme_builder_area=\u00bbpost_content\u00bb][et_pb_text _builder_version=\u00bb4.16&#8243; global_colors_info=\u00bb{}\u00bb theme_builder_area=\u00bbpost_content\u00bb]<\/p>\n<p>Conforme se describe en nuestra pol\u00edtica de privacidad, tanto nuestros proveedores de servicios como nosotros usamos cookies y otras tecnolog\u00edas para ofrecer nuestra plataforma y mejorar su experiencia. Esta pol\u00edtica de cookies establece detalles adicionales sobre c\u00f3mo y por qu\u00e9 usamos estas tecnolog\u00edas en nuestra plataforma. Al usar nuestra plataforma, usted acepta el almacenamiento de cookies y otras tecnolog\u00edas, y el acceso a estas, en su dispositivo de conformidad con esta Pol\u00edtica de cookies.<\/p>\n<p><strong>Cookies<\/strong><\/p>\n<p><strong>Qu\u00e9 son las cookies.<\/strong><span>\u00a0<\/span>Las cookies son peque\u00f1os archivos de datos que se descargan a su dispositivo cuando visita un sitio web. Las cookies se env\u00edan al sitio web que las cre\u00f3 en cada visita posterior o a otro sitio web que reconoce dicha cookie. Las cookies son \u00fatiles porque nos permiten reconocer su dispositivo.<\/p>\n<p><strong>C\u00f3mo usamos las cookies<\/strong>. Las cookies sirven para una variedad de funciones, como, por ejemplo, permitirnos recordar cierta informaci\u00f3n que nos suministre a medida que navega entre las p\u00e1ginas de la Plataforma. Usamos cookies para los siguientes prop\u00f3sitos:<\/p>\n<p><strong>Autenticaci\u00f3n:<\/strong><span>\u00a0<\/span>Usamos cookies para reconocerlo si ha iniciado sesi\u00f3n en nuestra Plataforma. Esto nos permite personalizar su experiencia en la Plataforma de las formas que se indican a continuaci\u00f3n. Asimismo, podemos emplear servicios de terceros que pueden usar cookies para ayudarlo a iniciar sesi\u00f3n en sus servicios desde nuestra Plataforma.<\/p>\n<p><strong>Seguridad:<\/strong><span>\u00a0<\/span>Usamos cookies para poner en marcha funciones de seguridad que hemos implementado y para ayudarnos a detectar actividades malintencionadas y violaciones de nuestras Condiciones de servicio. Estas cookies nos ayudan a prevenir el uso fraudulento de las credenciales de inicio de sesi\u00f3n.<\/p>\n<p><strong>Servicios, funciones y preferencias:<\/strong><span>\u00a0<\/span>Usamos cookies para brindar funciones y ayudarnos a ofrecer nuestros productos y servicios conforme a sus preferencias. Por ejemplo, usamos cookies para saber qu\u00e9 idioma prefiere usted, cu\u00e1les son sus preferencias de comunicaci\u00f3n, para personalizar las vistas en funci\u00f3n de sus intereses y grupos, y para ayudarlo a completar formularios en la Plataforma.<\/p>\n<p><strong>Rendimiento, an\u00e1lisis e investigaci\u00f3n:<\/strong><span>\u00a0<\/span>Usamos cookies como una herramienta que nos ayuda a analizar la forma en que se usa la Plataforma y se accede a esta, y que nos permite hacer un seguimiento del desempe\u00f1o de la Plataforma. Esto nos ayuda a comprender, mejorar e investigar funciones y contenido de la Plataforma. Tambi\u00e9n podemos usar otros servicios, como, por ejemplo, Google Analytics u otras cookies de terceros para ayudar a analizar el desempe\u00f1o en nuestra Plataforma. Como parte de la prestaci\u00f3n de estos servicios, estos proveedores de servicios pueden usar cookies y las tecnolog\u00edas descritas a continuaci\u00f3n para recopilar y almacenar informaci\u00f3n sobre su dispositivo, como, por ejemplo, hora de la visita, p\u00e1ginas visitadas, tiempo de permanencia en cada p\u00e1gina de la Plataforma, enlaces en los que se hace clic e informaci\u00f3n de conversi\u00f3n, direcci\u00f3n de Protocolo de Internet (Internet Protocol, IP), navegador, informaci\u00f3n de la red m\u00f3vil y el tipo de sistema operativo utilizado.<\/p>\n<p><strong>Duraci\u00f3n de las cookies.<\/strong><span>\u00a0<\/span>Algunas cookies, conocidas como \u201ccookies de sesi\u00f3n\u201d, permanecer\u00e1n en su dispositivo \u00fanicamente mientras accede a nuestra Plataforma. Otras, conocidas como \u201ccookies persistentes\u201d, son almacenadas en su dispositivo durante periodos m\u00e1s largos.<\/p>\n<p>La mayor\u00eda de los dispositivos y navegadores web est\u00e1n configurados para aceptar por defecto las cookies. Si lo prefiere, puede eliminar o rechazar las cookies. Puede obtener m\u00e1s informaci\u00f3n sobre la forma de bloquear cookies si visita allaboutcookies.org. Recuerde que si usted opta por eliminar o rechazar las cookies, esto podr\u00eda afectar a la disponibilidad y funcionalidad de nuestra Plataforma.<\/p>\n<p><strong>Si no quieres que tu navegador guarde tus datos y bloquee cookies.\u00a0<span>\u00a0<\/span><\/strong>Esto puedes configurarlo directamente en tu navegador. Selecciona el navegador que cotidianamente utilizas y configuralo para no almacenar cookies. Recuerda que tambi\u00e9n muchos navegadores ofrecen la \u00abNavegaci\u00f3n inc\u00f3gnita\u00bb que es libre de cach\u00e9 y cookies.<\/p>\n<div class=\"et_pb_module et_pb_text et_pb_text_8  et_pb_text_align_left et_pb_bg_layout_light\">\n<div class=\"et_pb_text_inner\">\n<ul>\n<li><a href=\"https:\/\/support.mozilla.org\/en-US\/kb\/block-cookies-firefox-focus-android\">Firefox<\/a><\/li>\n<li><a href=\"https:\/\/support.google.com\/chrome\/answer\/95647?hl=es\">Chrome<\/a><\/li>\n<li><a href=\"https:\/\/support.microsoft.com\/en-us\/help\/17442\">Explorer<\/a><\/li>\n<li><a href=\"https:\/\/support.apple.com\/guide\/safari\/manage-cookies-and-website-data-sfri11471\/mac\">Safari<\/a><\/li>\n<li><a href=\"https:\/\/help.opera.com\/en\/latest\/web-preferences\/#cookies\" data-et-has-event-already=\"true\">Opera<\/a><\/li>\n<\/ul>\n<\/div>\n<p><strong>Revisiones de esta Pol\u00edtica<\/strong><\/p>\n<p>Podemos modificar esta pol\u00edtica de cookies cuando corresponda. Cuando introduzcamos alguna modificaci\u00f3n, se lo comunicaremos; a tal fin, publicaremos la versi\u00f3n m\u00e1s actualizada y revisaremos la fecha en la parte superior de esta p\u00e1gina.<\/p>\n<\/div>\n<p>[\/et_pb_text][\/et_pb_column][\/et_pb_row][\/et_pb_section][et_pb_section fb_built=\u00bb1&#8243; _builder_version=\u00bb4.23.1&#8243; _module_preset=\u00bbdefault\u00bb background_color=\u00bb#000000&#8243; custom_padding=\u00bb0px||0px|||\u00bb global_colors_info=\u00bb{}\u00bb theme_builder_area=\u00bbpost_content\u00bb][et_pb_row column_structure=\u00bb1_4,1_4,1_4,1_4&#8243; _builder_version=\u00bb4.23.1&#8243; _module_preset=\u00bbdefault\u00bb width=\u00bb90%\u00bb max_width=\u00bb90%\u00bb global_colors_info=\u00bb{}\u00bb theme_builder_area=\u00bbpost_content\u00bb][et_pb_column type=\u00bb1_4&#8243; _builder_version=\u00bb4.23.1&#8243; _module_preset=\u00bbdefault\u00bb global_colors_info=\u00bb{}\u00bb theme_builder_area=\u00bbpost_content\u00bb][et_pb_text _builder_version=\u00bb4.23.1&#8243; _module_preset=\u00bbdefault\u00bb text_text_color=\u00bb#FFFFFF\u00bb link_text_color=\u00bb#FFFFFF\u00bb global_colors_info=\u00bb{}\u00bb link_text_color__hover_enabled=\u00bbon|hover\u00bb link_text_color__hover=\u00bb#FFFFFF\u00bb theme_builder_area=\u00bbpost_content\u00bb]<\/p>\n<p style=\"text-align: center;\"><a href=\"https:\/\/acollimentmenorca.es\/politica-de-cookies\/\">Pol\u00edtica de cookies<\/a><\/p>\n<p>[\/et_pb_text][\/et_pb_column][et_pb_column type=\u00bb1_4&#8243; _builder_version=\u00bb4.23.1&#8243; _module_preset=\u00bbdefault\u00bb global_colors_info=\u00bb{}\u00bb theme_builder_area=\u00bbpost_content\u00bb][et_pb_text _builder_version=\u00bb4.23.1&#8243; _module_preset=\u00bbdefault\u00bb text_text_color=\u00bb#FFFFFF\u00bb link_text_color=\u00bb#FFFFFF\u00bb global_colors_info=\u00bb{}\u00bb link_text_color__hover_enabled=\u00bbon|hover\u00bb link_text_color__hover=\u00bb#FFFFFF\u00bb theme_builder_area=\u00bbpost_content\u00bb]<\/p>\n<p style=\"text-align: center;\"><a href=\"https:\/\/acollimentmenorca.es\/politica-de-privacidad\/\">Pol\u00edtica de privacidad<\/a><\/p>\n<p>[\/et_pb_text][\/et_pb_column][et_pb_column type=\u00bb1_4&#8243; _builder_version=\u00bb4.23.1&#8243; _module_preset=\u00bbdefault\u00bb global_colors_info=\u00bb{}\u00bb theme_builder_area=\u00bbpost_content\u00bb][et_pb_text _builder_version=\u00bb4.23.1&#8243; _module_preset=\u00bbdefault\u00bb text_text_color=\u00bb#FFFFFF\u00bb link_text_color=\u00bb#FFFFFF\u00bb global_colors_info=\u00bb{}\u00bb link_text_color__hover_enabled=\u00bbon|hover\u00bb link_text_color__hover=\u00bb#FFFFFF\u00bb theme_builder_area=\u00bbpost_content\u00bb]<\/p>\n<p style=\"text-align: center;\"><a href=\"https:\/\/acollimentmenorca.es\/aviso-legal\/\">Aviso legal<\/a><\/p>\n<p>[\/et_pb_text][\/et_pb_column][et_pb_column type=\u00bb1_4&#8243; _builder_version=\u00bb4.23.1&#8243; _module_preset=\u00bbdefault\u00bb global_colors_info=\u00bb{}\u00bb theme_builder_area=\u00bbpost_content\u00bb][et_pb_social_media_follow _builder_version=\u00bb4.23.1&#8243; _module_preset=\u00bbdefault\u00bb text_orientation=\u00bbcenter\u00bb global_colors_info=\u00bb{}\u00bb theme_builder_area=\u00bbpost_content\u00bb][et_pb_social_media_follow_network social_network=\u00bbinstagram\u00bb url=\u00bbhttps:\/\/www.instagram.com\/consellinsularmenorca\/\u00bb use_icon_font_size=\u00bbon\u00bb icon_font_size=\u00bb18px\u00bb _builder_version=\u00bb4.23.1&#8243; _module_preset=\u00bbdefault\u00bb background_color=\u00bb#F15BB5&#8243; background_enable_color=\u00bbon\u00bb use_background_color_gradient=\u00bbon\u00bb background_color_gradient_direction=\u00bb45deg\u00bb background_color_gradient_stops=\u00bb#ffd301 0%|#ff2401 32%|#ce3493 66%|#8d35b0 100%\u00bb global_colors_info=\u00bb{}\u00bb theme_builder_area=\u00bbpost_content\u00bb follow_button=\u00bboff\u00bb url_new_window=\u00bbon\u00bb]instagram[\/et_pb_social_media_follow_network][et_pb_social_media_follow_network social_network=\u00bbfacebook\u00bb url=\u00bbhttps:\/\/www.facebook.com\/ConselldeMenorca\u00bb use_icon_font_size=\u00bbon\u00bb icon_font_size=\u00bb18px\u00bb _builder_version=\u00bb4.23.1&#8243; _module_preset=\u00bbdefault\u00bb background_color=\u00bb#006cf9&#8243; background_enable_color=\u00bbon\u00bb global_colors_info=\u00bb{}\u00bb theme_builder_area=\u00bbpost_content\u00bb follow_button=\u00bboff\u00bb url_new_window=\u00bbon\u00bb]facebook[\/et_pb_social_media_follow_network][et_pb_social_media_follow_network social_network=\u00bbtwitter\u00bb url=\u00bbhttps:\/\/twitter.com\/i\/flow\/login?redirect_after_login=%2FConsellMenorca\u00bb use_icon_font_size=\u00bbon\u00bb icon_font_size=\u00bb18px\u00bb _builder_version=\u00bb4.23.1&#8243; _module_preset=\u00bbdefault\u00bb background_color=\u00bb#00BBF9&#8243; background_enable_color=\u00bbon\u00bb global_colors_info=\u00bb{}\u00bb theme_builder_area=\u00bbpost_content\u00bb follow_button=\u00bboff\u00bb url_new_window=\u00bbon\u00bb]twitter[\/et_pb_social_media_follow_network][et_pb_social_media_follow_network social_network=\u00bbyoutube\u00bb url=\u00bbhttps:\/\/www.youtube.com\/channel\/UCmTmphtjBS1u4Hy9LmpzeQg\u00bb use_icon_font_size=\u00bbon\u00bb icon_font_size=\u00bb18px\u00bb _builder_version=\u00bb4.23.1&#8243; _module_preset=\u00bbdefault\u00bb background_color=\u00bb#ff3838&#8243; background_enable_color=\u00bbon\u00bb global_colors_info=\u00bb{}\u00bb theme_builder_area=\u00bbpost_content\u00bb follow_button=\u00bboff\u00bb url_new_window=\u00bbon\u00bb]youtube[\/et_pb_social_media_follow_network][et_pb_social_media_follow_network social_network=\u00bbwhatsapp\u00bb url=\u00bbhttps:\/\/api.whatsapp.com\/send\/?phone=679722689&#038;text&#038;type=phone_number&#038;app_absent=0&#8243; use_icon_font_size=\u00bbon\u00bb icon_font_size=\u00bb18px\u00bb _builder_version=\u00bb4.23.1&#8243; _module_preset=\u00bbdefault\u00bb background_color=\u00bb#25D366&#8243; background_enable_color=\u00bbon\u00bb global_colors_info=\u00bb{}\u00bb theme_builder_area=\u00bbpost_content\u00bb follow_button=\u00bboff\u00bb url_new_window=\u00bbon\u00bb]whatsapp[\/et_pb_social_media_follow_network][\/et_pb_social_media_follow][\/et_pb_column][\/et_pb_row][\/et_pb_section]<\/p>\n","protected":false},"excerpt":{"rendered":"<p>Conforme se describe en nuestra pol\u00edtica de privacidad, tanto nuestros proveedores de servicios como nosotros usamos cookies y otras tecnolog\u00edas para ofrecer nuestra plataforma y mejorar su experiencia. Esta pol\u00edtica de cookies establece detalles adicionales sobre c\u00f3mo y por qu\u00e9 usamos estas tecnolog\u00edas en nuestra plataforma. Al usar nuestra plataforma, usted acepta el almacenamiento de [&hellip;]<\/p>\n","protected":false},"author":1,"featured_media":0,"parent":0,"menu_order":0,"comment_status":"closed","ping_status":"closed","template":"page-template-blank.php","meta":{"_et_pb_use_builder":"on","_et_pb_old_content":"","_et_gb_content_width":"","footnotes":""},"_links":{"self":[{"href":"https:\/\/acollimentmenorca.es\/es\/wp-json\/wp\/v2\/pages\/18"}],"collection":[{"href":"https:\/\/acollimentmenorca.es\/es\/wp-json\/wp\/v2\/pages"}],"about":[{"href":"https:\/\/acollimentmenorca.es\/es\/wp-json\/wp\/v2\/types\/page"}],"author":[{"embeddable":true,"href":"https:\/\/acollimentmenorca.es\/es\/wp-json\/wp\/v2\/users\/1"}],"replies":[{"embeddable":true,"href":"https:\/\/acollimentmenorca.es\/es\/wp-json\/wp\/v2\/comments?post=18"}],"version-history":[{"count":5,"href":"https:\/\/acollimentmenorca.es\/es\/wp-json\/wp\/v2\/pages\/18\/revisions"}],"predecessor-version":[{"id":787,"href":"https:\/\/acollimentmenorca.es\/es\/wp-json\/wp\/v2\/pages\/18\/revisions\/787"}],"wp:attachment":[{"href":"https:\/\/acollimentmenorca.es\/es\/wp-json\/wp\/v2\/media?parent=18"}],"curies":[{"name":"wp","href":"https:\/\/api.w.org\/{rel}","templated":true}]}}