{"id":9,"date":"2023-11-08T16:27:44","date_gmt":"2023-11-08T16:27:44","guid":{"rendered":"https:\/\/acollimentmenorca.es\/?page_id=9"},"modified":"2023-11-25T22:00:53","modified_gmt":"2023-11-25T22:00:53","slug":"aviso-legal","status":"publish","type":"page","link":"https:\/\/acollimentmenorca.es\/es\/aviso-legal\/","title":{"rendered":"Aviso Legal"},"content":{"rendered":"<p>[et_pb_section fb_built=\u00bb1&#8243; admin_label=\u00bbsection\u00bb _builder_version=\u00bb4.16&#8243; global_colors_info=\u00bb{}\u00bb theme_builder_area=\u00bbpost_content\u00bb][et_pb_row admin_label=\u00bbrow\u00bb _builder_version=\u00bb4.16&#8243; background_size=\u00bbinitial\u00bb background_position=\u00bbtop_left\u00bb background_repeat=\u00bbrepeat\u00bb global_colors_info=\u00bb{}\u00bb theme_builder_area=\u00bbpost_content\u00bb][et_pb_column type=\u00bb4_4&#8243; _builder_version=\u00bb4.16&#8243; custom_padding=\u00bb|||\u00bb global_colors_info=\u00bb{}\u00bb custom_padding__hover=\u00bb|||\u00bb theme_builder_area=\u00bbpost_content\u00bb][et_pb_post_title meta=\u00bboff\u00bb featured_image=\u00bboff\u00bb _builder_version=\u00bb4.16&#8243; global_colors_info=\u00bb{}\u00bb theme_builder_area=\u00bbpost_content\u00bb][\/et_pb_post_title][et_pb_text admin_label=\u00bbText\u00bb _builder_version=\u00bb4.16&#8243; background_size=\u00bbinitial\u00bb background_position=\u00bbtop_left\u00bb background_repeat=\u00bbrepeat\u00bb global_colors_info=\u00bb{}\u00bb theme_builder_area=\u00bbpost_content\u00bb]<\/p>\n<p>El Consell Insular de Menorca mantiene este portal web con el objetivo de informar sobre el acogimiento de menores en Menorca y transmitir la importancia del papel de la familia acogedora en el desarrollo biopsicosocial de los ni\u00f1os y ni\u00f1as. Se trabaja para que esta informaci\u00f3n est\u00e9 siempre actualizada.\u00a0Sin embargo, no se puede garantizar la inexistencia de errores ni que el contenido de la informaci\u00f3n se encuentre permanentemente actualizado.<\/p>\n<p><strong>Titularidad de la p\u00e1gina web<\/strong><\/p>\n<p>Consejo Insular de Menorca<br \/>Pl.\u00a0Biosfera, 5 &#8211; 07703 MA\u00d3<br \/>971 35 60 50<br \/><a href=\"https:\/\/acollimentmenorca.es\/\">https:\/\/acollimentmenorca.es\/<\/a><br \/>S0733002J<\/p>\n<p><strong>Garant\u00edas y responsabilidades<\/strong><\/p>\n<p>El acceso a la web institucional del Consejo Insular de Menorca supone la aceptaci\u00f3n expresa de las pol\u00edticas de \u00e9sta y el compromiso de no realizar ning\u00fan acto que pueda infringir la ley o las condiciones establecidas, lo que podr\u00e1 comportar en su caso las correspondientes responsabilidades legales.<\/p>\n<p>El Consejo Insular de Menorca se reserva el derecho a efectuar en cualquier momento modificaciones y\/o actuaciones de la informaci\u00f3n contenida en la web, de su configuraci\u00f3n, presentaci\u00f3n o condiciones legales.&nbsp;Asimismo, no puede garantizarse la inexistencia de interrupciones o errores en el acceso a la web oa su contenido ni de posibles errores t\u00e9cnicos que se produzcan durante la conexi\u00f3n a Internet.&nbsp;As\u00ed como tampoco de posibles da\u00f1os que pudieran derivarse de interferencias, omisiones o virus inform\u00e1ticos motivados por causas ajenas al titular de la web.<\/p>\n<p>Todo acceso a este sitio web queda sujeto a las siguientes condiciones:<\/p>\n<p>Los contenidos de esta web pueden ser reproducidos siempre que se mencione su fuente, excepto en los casos en que se indique otra cosa.&nbsp;Cuando sea necesaria una autorizaci\u00f3n previa para la reproducci\u00f3n o el uso de datos textuales o de otro tipo (im\u00e1genes, sonidos, entre otros), esta autorizaci\u00f3n cancelar\u00e1 la autorizaci\u00f3n general antes mencionada y establecer\u00e1 las posibles restricciones de uso.<\/p>\n<p>\u00danicamente est\u00e1 autorizado su uso personal no comercial.<\/p>\n<p>No est\u00e1 permitida la modificaci\u00f3n de este sitio web ni de sus contenidos.<\/p>\n<p>La informaci\u00f3n administrativa facilitada a trav\u00e9s de esta web no sustituye a la publicidad legal de las disposiciones generales y de los actos que deban ser publicados formalmente en el Bolet\u00edn Oficial de las Illes Balears y en otros diarios oficiales, cuya edici\u00f3n impresa es el \u00fanico instrumento que da fe de su autenticidad y del contenido.<\/p>\n<p>La informaci\u00f3n obtenida a trav\u00e9s de esta web tiene car\u00e1cter meramente informativo, sin que pueda derivarse, en ning\u00fan caso, efecto jur\u00eddico vinculante.<\/p>\n<p>En cualquier caso, la informaci\u00f3n y los contenidos de esta web no pueden ser alegados en procesos contradictorios con la Administraci\u00f3n p\u00fablica y el Consejo Insular de Menorca no asume ninguna responsabilidad por las discrepancias que se puedan producir entre los documentos impresos de la administraci\u00f3n competente y la publicaci\u00f3n electr\u00f3nica en estas p\u00e1ginas.<\/p>\n<p>El Consejo Insular de Menorca no es responsable de la informaci\u00f3n que puede obtenerse a trav\u00e9s de enlaces a sistemas externos que no sean dependientes de esta administraci\u00f3n.<\/p>\n<p>El Consejo Insular de Menorca se exime de cualquier tipo de responsabilidad derivada de la informaci\u00f3n publicada en su sitio web siempre que esta informaci\u00f3n haya sido manipulada o introducida por un tercero ajeno al mismo.<\/p>\n<p>El Consejo Insular de Menorca est\u00e1 presente en diferentes redes sociales y plataformas, por lo que cuando accede a cualquiera de estas u otras redes debe tener en cuenta que las condiciones de uso aplicables son las que cada plataforma tiene establecidas, las cuales no est\u00e1n determinadas por el Consejo Insular de Menorca.<\/p>\n<p><strong>Propiedad intelectual e industrial<\/strong><\/p>\n<p>Esta web puede alojar contenidos protegidos por derechos de propiedad intelectual e industrial.&nbsp;Todos los contenidos citados (textos, audiovisuales, c\u00f3digo, dise\u00f1os, logos, marcas, entre otros) son propiedad del titular de la web.<\/p>\n<p>Cualquier uso no autorizado de estos contenidos podr\u00e1 considerarse un incumplimiento de los derechos de propiedad intelectual o industrial y podr\u00e1 comportar, en su caso, las correspondientes responsabilidades legales.<\/p>\n<p>La simple navegaci\u00f3n o uso de la web o de sus servicios no otorga en ning\u00fan caso licencia o cesi\u00f3n parcial o total sobre los derechos citados y queda expresamente prohibida cualquier transmisi\u00f3n, reproducci\u00f3n, distribuci\u00f3n, comunicaci\u00f3n p\u00fablica o transformaci\u00f3n total o parcial de los mismos sin previo consentimiento de los titulares.<\/p>\n<p>[\/et_pb_text][\/et_pb_column][\/et_pb_row][\/et_pb_section][et_pb_section fb_built=\u00bb1&#8243; _builder_version=\u00bb4.23.1&#8243; _module_preset=\u00bbdefault\u00bb background_color=\u00bb#000000&#8243; custom_padding=\u00bb0px||0px|||\u00bb global_colors_info=\u00bb{}\u00bb theme_builder_area=\u00bbpost_content\u00bb][et_pb_row column_structure=\u00bb1_4,1_4,1_4,1_4&#8243; _builder_version=\u00bb4.23.1&#8243; _module_preset=\u00bbdefault\u00bb width=\u00bb90%\u00bb max_width=\u00bb90%\u00bb global_colors_info=\u00bb{}\u00bb theme_builder_area=\u00bbpost_content\u00bb][et_pb_column type=\u00bb1_4&#8243; _builder_version=\u00bb4.23.1&#8243; _module_preset=\u00bbdefault\u00bb global_colors_info=\u00bb{}\u00bb theme_builder_area=\u00bbpost_content\u00bb][et_pb_text _builder_version=\u00bb4.23.1&#8243; _module_preset=\u00bbdefault\u00bb text_text_color=\u00bb#FFFFFF\u00bb link_text_color=\u00bb#FFFFFF\u00bb global_colors_info=\u00bb{}\u00bb link_text_color__hover_enabled=\u00bbon|hover\u00bb link_text_color__hover=\u00bb#FFFFFF\u00bb theme_builder_area=\u00bbpost_content\u00bb]<\/p>\n<p style=\"text-align: center;\"><a href=\"https:\/\/acollimentmenorca.es\/politica-de-cookies\/\">Pol\u00edtica de cookies<\/a><\/p>\n<p>[\/et_pb_text][\/et_pb_column][et_pb_column type=\u00bb1_4&#8243; _builder_version=\u00bb4.23.1&#8243; _module_preset=\u00bbdefault\u00bb global_colors_info=\u00bb{}\u00bb theme_builder_area=\u00bbpost_content\u00bb][et_pb_text _builder_version=\u00bb4.23.1&#8243; _module_preset=\u00bbdefault\u00bb text_text_color=\u00bb#FFFFFF\u00bb link_text_color=\u00bb#FFFFFF\u00bb global_colors_info=\u00bb{}\u00bb link_text_color__hover_enabled=\u00bbon|hover\u00bb link_text_color__hover=\u00bb#FFFFFF\u00bb theme_builder_area=\u00bbpost_content\u00bb]<\/p>\n<p style=\"text-align: center;\"><a href=\"https:\/\/acollimentmenorca.es\/politica-de-privacidad\/\">Pol\u00edtica de privacidad<\/a><\/p>\n<p>[\/et_pb_text][\/et_pb_column][et_pb_column type=\u00bb1_4&#8243; _builder_version=\u00bb4.23.1&#8243; _module_preset=\u00bbdefault\u00bb global_colors_info=\u00bb{}\u00bb theme_builder_area=\u00bbpost_content\u00bb][et_pb_text _builder_version=\u00bb4.23.1&#8243; _module_preset=\u00bbdefault\u00bb text_text_color=\u00bb#FFFFFF\u00bb link_text_color=\u00bb#FFFFFF\u00bb global_colors_info=\u00bb{}\u00bb link_text_color__hover_enabled=\u00bbon|hover\u00bb link_text_color__hover=\u00bb#FFFFFF\u00bb theme_builder_area=\u00bbpost_content\u00bb]<\/p>\n<p style=\"text-align: center;\"><a href=\"https:\/\/acollimentmenorca.es\/aviso-legal\/\">Aviso legal<\/a><\/p>\n<p>[\/et_pb_text][\/et_pb_column][et_pb_column type=\u00bb1_4&#8243; _builder_version=\u00bb4.23.1&#8243; _module_preset=\u00bbdefault\u00bb global_colors_info=\u00bb{}\u00bb theme_builder_area=\u00bbpost_content\u00bb][et_pb_social_media_follow _builder_version=\u00bb4.23.1&#8243; _module_preset=\u00bbdefault\u00bb text_orientation=\u00bbcenter\u00bb global_colors_info=\u00bb{}\u00bb theme_builder_area=\u00bbpost_content\u00bb][et_pb_social_media_follow_network social_network=\u00bbinstagram\u00bb url=\u00bbhttps:\/\/www.instagram.com\/consellinsularmenorca\/\u00bb use_icon_font_size=\u00bbon\u00bb icon_font_size=\u00bb18px\u00bb _builder_version=\u00bb4.23.1&#8243; _module_preset=\u00bbdefault\u00bb background_color=\u00bb#F15BB5&#8243; background_enable_color=\u00bbon\u00bb use_background_color_gradient=\u00bbon\u00bb background_color_gradient_direction=\u00bb45deg\u00bb background_color_gradient_stops=\u00bb#ffd301 0%|#ff2401 32%|#ce3493 66%|#8d35b0 100%\u00bb global_colors_info=\u00bb{}\u00bb theme_builder_area=\u00bbpost_content\u00bb follow_button=\u00bboff\u00bb url_new_window=\u00bbon\u00bb]instagram[\/et_pb_social_media_follow_network][et_pb_social_media_follow_network social_network=\u00bbfacebook\u00bb url=\u00bbhttps:\/\/www.facebook.com\/ConselldeMenorca\u00bb use_icon_font_size=\u00bbon\u00bb icon_font_size=\u00bb18px\u00bb _builder_version=\u00bb4.23.1&#8243; _module_preset=\u00bbdefault\u00bb background_color=\u00bb#006cf9&#8243; background_enable_color=\u00bbon\u00bb global_colors_info=\u00bb{}\u00bb theme_builder_area=\u00bbpost_content\u00bb follow_button=\u00bboff\u00bb url_new_window=\u00bbon\u00bb]facebook[\/et_pb_social_media_follow_network][et_pb_social_media_follow_network social_network=\u00bbtwitter\u00bb url=\u00bbhttps:\/\/twitter.com\/i\/flow\/login?redirect_after_login=%2FConsellMenorca\u00bb use_icon_font_size=\u00bbon\u00bb icon_font_size=\u00bb18px\u00bb _builder_version=\u00bb4.23.1&#8243; _module_preset=\u00bbdefault\u00bb background_color=\u00bb#00BBF9&#8243; background_enable_color=\u00bbon\u00bb global_colors_info=\u00bb{}\u00bb theme_builder_area=\u00bbpost_content\u00bb follow_button=\u00bboff\u00bb url_new_window=\u00bbon\u00bb]twitter[\/et_pb_social_media_follow_network][et_pb_social_media_follow_network social_network=\u00bbyoutube\u00bb url=\u00bbhttps:\/\/www.youtube.com\/channel\/UCmTmphtjBS1u4Hy9LmpzeQg\u00bb use_icon_font_size=\u00bbon\u00bb icon_font_size=\u00bb18px\u00bb _builder_version=\u00bb4.23.1&#8243; _module_preset=\u00bbdefault\u00bb background_color=\u00bb#ff3838&#8243; background_enable_color=\u00bbon\u00bb global_colors_info=\u00bb{}\u00bb theme_builder_area=\u00bbpost_content\u00bb follow_button=\u00bboff\u00bb url_new_window=\u00bbon\u00bb]youtube[\/et_pb_social_media_follow_network][et_pb_social_media_follow_network social_network=\u00bbwhatsapp\u00bb url=\u00bbhttps:\/\/api.whatsapp.com\/send\/?phone=679722689&#038;text&#038;type=phone_number&#038;app_absent=0&#8243; use_icon_font_size=\u00bbon\u00bb icon_font_size=\u00bb18px\u00bb _builder_version=\u00bb4.23.1&#8243; _module_preset=\u00bbdefault\u00bb background_color=\u00bb#25D366&#8243; background_enable_color=\u00bbon\u00bb global_colors_info=\u00bb{}\u00bb theme_builder_area=\u00bbpost_content\u00bb follow_button=\u00bboff\u00bb url_new_window=\u00bbon\u00bb]whatsapp[\/et_pb_social_media_follow_network][\/et_pb_social_media_follow][\/et_pb_column][\/et_pb_row][\/et_pb_section]<\/p>\n","protected":false},"excerpt":{"rendered":"<p>El Consell Insular de Menorca mantiene este portal web con el objetivo de informar sobre el acogimiento de menores en Menorca y transmitir la importancia del papel de la familia acogedora en el desarrollo biopsicosocial de los ni\u00f1os y ni\u00f1as. Se trabaja para que esta informaci\u00f3n est\u00e9 siempre actualizada.\u00a0Sin embargo, no se puede garantizar la [&hellip;]<\/p>\n","protected":false},"author":1,"featured_media":0,"parent":0,"menu_order":0,"comment_status":"closed","ping_status":"closed","template":"page-template-blank.php","meta":{"_et_pb_use_builder":"on","_et_pb_old_content":"<!-- wp:paragraph -->\n<p>El Consell Insular de Menorca mantiene este portal web con el objetivo de informar sobre el acogimiento de menores en Menorca y transmitir la importancia del papel de la familia acogedora en el desarrollo biopsicosocial de los ni\u00f1os y ni\u00f1as. Se trabaja para que esta informaci\u00f3n est\u00e9 siempre actualizada.\u00a0Sin embargo, no se puede garantizar la inexistencia de errores ni que el contenido de la informaci\u00f3n se encuentre permanentemente actualizado.<\/p>\n<!-- \/wp:paragraph -->\n\n<!-- wp:paragraph -->\n<p><strong>Titularidad de la p\u00e1gina web<\/strong><\/p>\n<!-- \/wp:paragraph -->\n\n<!-- wp:paragraph -->\n<p>Consejo Insular de Menorca<br>Pl.\u00a0Biosfera, 5 - 07703 MA\u00d3<br>971 35 60 50<br><a href=\"https:\/\/acollimentmenorca.es\/\">https:\/\/acollimentmenorca.es\/<\/a><br>S0733002J<\/p>\n<!-- \/wp:paragraph -->\n\n<!-- wp:paragraph -->\n<p><strong>Garant\u00edas y responsabilidades<\/strong><\/p>\n<!-- \/wp:paragraph -->\n\n<!-- wp:paragraph -->\n<p>El acceso a la web institucional del Consejo Insular de Menorca supone la aceptaci\u00f3n expresa de las pol\u00edticas de \u00e9sta y el compromiso de no realizar ning\u00fan acto que pueda infringir la ley o las condiciones establecidas, lo que podr\u00e1 comportar en su caso las correspondientes responsabilidades legales.<\/p>\n<!-- \/wp:paragraph -->\n\n<!-- wp:paragraph -->\n<p>El Consejo Insular de Menorca se reserva el derecho a efectuar en cualquier momento modificaciones y\/o actuaciones de la informaci\u00f3n contenida en la web, de su configuraci\u00f3n, presentaci\u00f3n o condiciones legales.&nbsp;Asimismo, no puede garantizarse la inexistencia de interrupciones o errores en el acceso a la web oa su contenido ni de posibles errores t\u00e9cnicos que se produzcan durante la conexi\u00f3n a Internet.&nbsp;As\u00ed como tampoco de posibles da\u00f1os que pudieran derivarse de interferencias, omisiones o virus inform\u00e1ticos motivados por causas ajenas al titular de la web.<\/p>\n<!-- \/wp:paragraph -->\n\n<!-- wp:paragraph -->\n<p>Todo acceso a este sitio web queda sujeto a las siguientes condiciones:<\/p>\n<!-- \/wp:paragraph -->\n\n<!-- wp:paragraph -->\n<p>Los contenidos de esta web pueden ser reproducidos siempre que se mencione su fuente, excepto en los casos en que se indique otra cosa.&nbsp;Cuando sea necesaria una autorizaci\u00f3n previa para la reproducci\u00f3n o el uso de datos textuales o de otro tipo (im\u00e1genes, sonidos, entre otros), esta autorizaci\u00f3n cancelar\u00e1 la autorizaci\u00f3n general antes mencionada y establecer\u00e1 las posibles restricciones de uso.<\/p>\n<!-- \/wp:paragraph -->\n\n<!-- wp:paragraph -->\n<p>\u00danicamente est\u00e1 autorizado su uso personal no comercial.<\/p>\n<!-- \/wp:paragraph -->\n\n<!-- wp:paragraph -->\n<p>No est\u00e1 permitida la modificaci\u00f3n de este sitio web ni de sus contenidos.<\/p>\n<!-- \/wp:paragraph -->\n\n<!-- wp:paragraph -->\n<p>La informaci\u00f3n administrativa facilitada a trav\u00e9s de esta web no sustituye a la publicidad legal de las disposiciones generales y de los actos que deban ser publicados formalmente en el Bolet\u00edn Oficial de las Illes Balears y en otros diarios oficiales, cuya edici\u00f3n impresa es el \u00fanico instrumento que da fe de su autenticidad y del contenido.<\/p>\n<!-- \/wp:paragraph -->\n\n<!-- wp:paragraph -->\n<p>La informaci\u00f3n obtenida a trav\u00e9s de esta web tiene car\u00e1cter meramente informativo, sin que pueda derivarse, en ning\u00fan caso, efecto jur\u00eddico vinculante.<\/p>\n<!-- \/wp:paragraph -->\n\n<!-- wp:paragraph -->\n<p>En cualquier caso, la informaci\u00f3n y los contenidos de esta web no pueden ser alegados en procesos contradictorios con la Administraci\u00f3n p\u00fablica y el Consejo Insular de Menorca no asume ninguna responsabilidad por las discrepancias que se puedan producir entre los documentos impresos de la administraci\u00f3n competente y la publicaci\u00f3n electr\u00f3nica en estas p\u00e1ginas.<\/p>\n<!-- \/wp:paragraph -->\n\n<!-- wp:paragraph -->\n<p>El Consejo Insular de Menorca no es responsable de la informaci\u00f3n que puede obtenerse a trav\u00e9s de enlaces a sistemas externos que no sean dependientes de esta administraci\u00f3n.<\/p>\n<!-- \/wp:paragraph -->\n\n<!-- wp:paragraph -->\n<p>El Consejo Insular de Menorca se exime de cualquier tipo de responsabilidad derivada de la informaci\u00f3n publicada en su sitio web siempre que esta informaci\u00f3n haya sido manipulada o introducida por un tercero ajeno al mismo.<\/p>\n<!-- \/wp:paragraph -->\n\n<!-- wp:paragraph -->\n<p>El Consejo Insular de Menorca est\u00e1 presente en diferentes redes sociales y plataformas, por lo que cuando accede a cualquiera de estas u otras redes debe tener en cuenta que las condiciones de uso aplicables son las que cada plataforma tiene establecidas, las cuales no est\u00e1n determinadas por el Consejo Insular de Menorca.<\/p>\n<!-- \/wp:paragraph -->\n\n<!-- wp:paragraph -->\n<p><strong>Propiedad intelectual e industrial<\/strong><\/p>\n<!-- \/wp:paragraph -->\n\n<!-- wp:paragraph -->\n<p>Esta web puede alojar contenidos protegidos por derechos de propiedad intelectual e industrial.&nbsp;Todos los contenidos citados (textos, audiovisuales, c\u00f3digo, dise\u00f1os, logos, marcas, entre otros) son propiedad del titular de la web.<\/p>\n<!-- \/wp:paragraph -->\n\n<!-- wp:paragraph -->\n<p>Cualquier uso no autorizado de estos contenidos podr\u00e1 considerarse un incumplimiento de los derechos de propiedad intelectual o industrial y podr\u00e1 comportar, en su caso, las correspondientes responsabilidades legales.<\/p>\n<!-- \/wp:paragraph -->\n\n<!-- wp:paragraph -->\n<p>La simple navegaci\u00f3n o uso de la web o de sus servicios no otorga en ning\u00fan caso licencia o cesi\u00f3n parcial o total sobre los derechos citados y queda expresamente prohibida cualquier transmisi\u00f3n, reproducci\u00f3n, distribuci\u00f3n, comunicaci\u00f3n p\u00fablica o transformaci\u00f3n total o parcial de los mismos sin previo consentimiento de los titulares.<\/p>\n<!-- \/wp:paragraph -->","_et_gb_content_width":"1080","footnotes":""},"_links":{"self":[{"href":"https:\/\/acollimentmenorca.es\/es\/wp-json\/wp\/v2\/pages\/9"}],"collection":[{"href":"https:\/\/acollimentmenorca.es\/es\/wp-json\/wp\/v2\/pages"}],"about":[{"href":"https:\/\/acollimentmenorca.es\/es\/wp-json\/wp\/v2\/types\/page"}],"author":[{"embeddable":true,"href":"https:\/\/acollimentmenorca.es\/es\/wp-json\/wp\/v2\/users\/1"}],"replies":[{"embeddable":true,"href":"https:\/\/acollimentmenorca.es\/es\/wp-json\/wp\/v2\/comments?post=9"}],"version-history":[{"count":5,"href":"https:\/\/acollimentmenorca.es\/es\/wp-json\/wp\/v2\/pages\/9\/revisions"}],"predecessor-version":[{"id":789,"href":"https:\/\/acollimentmenorca.es\/es\/wp-json\/wp\/v2\/pages\/9\/revisions\/789"}],"wp:attachment":[{"href":"https:\/\/acollimentmenorca.es\/es\/wp-json\/wp\/v2\/media?parent=9"}],"curies":[{"name":"wp","href":"https:\/\/api.w.org\/{rel}","templated":true}]}}